{"id":669,"date":"2011-10-27T07:14:54","date_gmt":"2011-10-27T07:14:54","guid":{"rendered":"https:\/\/www.funktionsmodellbau.ch\/content\/?page_id=669"},"modified":"2016-09-05T13:18:44","modified_gmt":"2016-09-05T12:18:44","slug":"kontakt","status":"publish","type":"page","link":"https:\/\/www.funktionsmodellbau.ch\/content\/kontakt\/","title":{"rendered":"Kontakt"},"content":{"rendered":"<p><span style=\"text-decoration: underline;\">Allgemeine Fragen<\/span><\/p>\n<p>Falls Du mit mir Kontakt aufnehmen willst, bitte folgende Felder entsprechend ausf\u00fcllen.<\/p>\n<blockquote><p><strong>Bei Fragen \u00fcber Inhalte in ver\u00f6ffentlichten Artikeln, bin ich sehr dankbar, wenn Du die Kommentarfunktion, gleich unter dem entsprechenden Artikeln\/Posts, anstatt dieses Formular benutzt! <\/strong><\/p><\/blockquote>\n<p><span style=\"text-decoration: underline;\">Verkaufsinserate<\/span><\/p>\n<p>Anfragen \u00fcber zu ver\u00f6ffentlichende Verkaufsinserate sind m\u00f6glich. Es gelten folgende Regeln:<\/p>\n<ul>\n<li>Modell muss m\u00f6glichst genau mit technischen Details beschrieben sein.<\/li>\n<li>Bilder mit mindestens einer Totalansicht und m\u00f6glichst mit mehreren Detailansichten.<\/li>\n<li>Bilder m\u00fcssen mind. 1024&#215;768, scharf und einigermassen belichtet sein.<\/li>\n<li>Preisvorstellung in CHF, Preis auf Anfrage ist nicht m\u00f6glich!<\/li>\n<li>Kontaktkoorinaten<\/li>\n<\/ul>\n\n<div class=\"wpcf7 no-js\" id=\"wpcf7-f668-o1\" lang=\"\" dir=\"ltr\">\n<div class=\"screen-reader-response\"><p role=\"status\" aria-live=\"polite\" aria-atomic=\"true\"><\/p> <ul><\/ul><\/div>\n<form action=\"\/content\/wp-json\/wp\/v2\/pages\/669#wpcf7-f668-o1\" method=\"post\" class=\"wpcf7-form init\" aria-label=\"Kontaktformular\" enctype=\"multipart\/form-data\" novalidate=\"novalidate\" data-status=\"init\">\n<div style=\"display: none;\">\n<input type=\"hidden\" name=\"_wpcf7\" value=\"668\" \/>\n<input type=\"hidden\" name=\"_wpcf7_version\" value=\"5.9.8\" \/>\n<input type=\"hidden\" name=\"_wpcf7_locale\" value=\"\" \/>\n<input type=\"hidden\" name=\"_wpcf7_unit_tag\" value=\"wpcf7-f668-o1\" \/>\n<input type=\"hidden\" name=\"_wpcf7_container_post\" value=\"0\" \/>\n<input type=\"hidden\" name=\"_wpcf7_posted_data_hash\" value=\"\" \/>\n<input type=\"hidden\" name=\"_wpcf7_recaptcha_response\" value=\"\" \/>\n<\/div>\n<p>Dein Vor- und Nachname (Pflichtfeld)\n<\/p>\n<p><span class=\"wpcf7-form-control-wrap\" data-name=\"your-name\"><input size=\"40\" maxlength=\"400\" class=\"wpcf7-form-control wpcf7-text wpcf7-validates-as-required\" aria-required=\"true\" aria-invalid=\"false\" value=\"\" type=\"text\" name=\"your-name\" \/><\/span>\n<\/p>\n<p>Deine Email Adresse (Pflichtfeld)\n<\/p>\n<p><span class=\"wpcf7-form-control-wrap\" data-name=\"your-email\"><input size=\"40\" maxlength=\"400\" class=\"wpcf7-form-control wpcf7-email wpcf7-validates-as-required wpcf7-text wpcf7-validates-as-email\" aria-required=\"true\" aria-invalid=\"false\" value=\"\" type=\"email\" name=\"your-email\" \/><\/span>\n<\/p>\n<p>Betreff (Pflichtfeld)\n<\/p>\n<p><span class=\"wpcf7-form-control-wrap\" data-name=\"your-subject\"><input size=\"40\" maxlength=\"400\" class=\"wpcf7-form-control wpcf7-text wpcf7-validates-as-required\" aria-required=\"true\" aria-invalid=\"false\" value=\"\" type=\"text\" name=\"your-subject\" \/><\/span>\n<\/p>\n<p>Deine Nachricht (Pflichtfeld)\n<\/p>\n<p><span class=\"wpcf7-form-control-wrap\" data-name=\"your-message\"><textarea cols=\"40\" rows=\"10\" maxlength=\"2000\" class=\"wpcf7-form-control wpcf7-textarea wpcf7-validates-as-required\" aria-required=\"true\" aria-invalid=\"false\" name=\"your-message\"><\/textarea><\/span>\n<\/p>\n<p>Dein Anhang<\/><br \/>\n<span class=\"wpcf7-form-control-wrap\" data-name=\"file-360\"><input size=\"40\" class=\"wpcf7-form-control wpcf7-file\" accept=\".pdf,.txt,.zip,.jpg,.png,.gif,.mov,.avi,.arc\" aria-invalid=\"false\" type=\"file\" name=\"file-360\" \/><\/span>\n<\/p>\n\n<p><input class=\"wpcf7-form-control wpcf7-submit has-spinner\" type=\"submit\" value=\"Senden\" \/>\n<\/p><p style=\"display: none !important;\" class=\"akismet-fields-container\" data-prefix=\"_wpcf7_ak_\"><label>&#916;<textarea name=\"_wpcf7_ak_hp_textarea\" cols=\"45\" rows=\"8\" maxlength=\"100\"><\/textarea><\/label><input type=\"hidden\" id=\"ak_js_1\" name=\"_wpcf7_ak_js\" value=\"228\"\/><script type=\"text\/javascript\">\n\/* <![CDATA[ *\/\ndocument.getElementById( \"ak_js_1\" ).setAttribute( \"value\", ( new Date() ).getTime() );\n\/* ]]> *\/\n<\/script>\n<\/p><div class=\"wpcf7-response-output\" aria-hidden=\"true\"><\/div>\n<\/form>\n<\/div>\n\n<p>&nbsp;<\/p>\n","protected":false},"excerpt":{"rendered":"<p>Allgemeine Fragen Falls Du mit mir Kontakt aufnehmen willst, bitte folgende Felder entsprechend ausf\u00fcllen. Bei Fragen \u00fcber Inhalte in ver\u00f6ffentlichten Artikeln, bin ich sehr dankbar, wenn Du die Kommentarfunktion, gleich <a class=\"more-link\" href=\"https:\/\/www.funktionsmodellbau.ch\/content\/kontakt\/\">Weiter lesen \u2192<\/a><\/p>\n","protected":false},"author":1,"featured_media":0,"parent":0,"menu_order":0,"comment_status":"open","ping_status":"open","template":"","meta":{"jetpack_post_was_ever_published":false,"footnotes":""},"yoast_head":"<!-- This site is optimized with the Yoast SEO plugin v24.5 - https:\/\/yoast.com\/wordpress\/plugins\/seo\/ -->\n<title>Kontakt - funktionsmodellbau.ch<\/title>\n<meta name=\"robots\" content=\"index, follow, max-snippet:-1, max-image-preview:large, max-video-preview:-1\" \/>\n<link rel=\"canonical\" href=\"https:\/\/www.funktionsmodellbau.ch\/content\/kontakt\/\" \/>\n<meta property=\"og:locale\" content=\"de_DE\" \/>\n<meta property=\"og:type\" content=\"article\" \/>\n<meta property=\"og:title\" content=\"Kontakt - funktionsmodellbau.ch\" \/>\n<meta property=\"og:description\" content=\"Allgemeine Fragen Falls Du mit mir Kontakt aufnehmen willst, bitte folgende Felder entsprechend ausf\u00fcllen. Bei Fragen \u00fcber Inhalte in ver\u00f6ffentlichten Artikeln, bin ich sehr dankbar, wenn Du die Kommentarfunktion, gleich Weiter lesen \u2192\" \/>\n<meta property=\"og:url\" content=\"https:\/\/www.funktionsmodellbau.ch\/content\/kontakt\/\" \/>\n<meta property=\"og:site_name\" content=\"funktionsmodellbau.ch\" \/>\n<meta property=\"article:publisher\" content=\"https:\/\/www.facebook.com\/funktionsmodellbau\/\" \/>\n<meta property=\"article:modified_time\" content=\"2016-09-05T12:18:44+00:00\" \/>\n<meta name=\"twitter:card\" content=\"summary_large_image\" \/>\n<meta name=\"twitter:site\" content=\"@funktionsmodell\" \/>\n<meta name=\"twitter:label1\" content=\"Gesch\u00e4tzte Lesezeit\" \/>\n\t<meta name=\"twitter:data1\" content=\"1\u00a0Minute\" \/>\n<script type=\"application\/ld+json\" class=\"yoast-schema-graph\">{\"@context\":\"https:\/\/schema.org\",\"@graph\":[{\"@type\":\"WebPage\",\"@id\":\"https:\/\/www.funktionsmodellbau.ch\/content\/kontakt\/\",\"url\":\"https:\/\/www.funktionsmodellbau.ch\/content\/kontakt\/\",\"name\":\"Kontakt - funktionsmodellbau.ch\",\"isPartOf\":{\"@id\":\"https:\/\/www.funktionsmodellbau.ch\/content\/#website\"},\"datePublished\":\"2011-10-27T07:14:54+00:00\",\"dateModified\":\"2016-09-05T12:18:44+00:00\",\"breadcrumb\":{\"@id\":\"https:\/\/www.funktionsmodellbau.ch\/content\/kontakt\/#breadcrumb\"},\"inLanguage\":\"de\",\"potentialAction\":[{\"@type\":\"ReadAction\",\"target\":[\"https:\/\/www.funktionsmodellbau.ch\/content\/kontakt\/\"]}]},{\"@type\":\"BreadcrumbList\",\"@id\":\"https:\/\/www.funktionsmodellbau.ch\/content\/kontakt\/#breadcrumb\",\"itemListElement\":[{\"@type\":\"ListItem\",\"position\":1,\"name\":\"Startseite\",\"item\":\"https:\/\/www.funktionsmodellbau.ch\/content\/\"},{\"@type\":\"ListItem\",\"position\":2,\"name\":\"Kontakt\"}]},{\"@type\":\"WebSite\",\"@id\":\"https:\/\/www.funktionsmodellbau.ch\/content\/#website\",\"url\":\"https:\/\/www.funktionsmodellbau.ch\/content\/\",\"name\":\"funktionsmodellbau.ch\",\"description\":\"RC MODELLNUTZFAHRZEUGE | RC TRUCK-MODELLBAU | RC SCALE CARS | RC BOOTE\",\"potentialAction\":[{\"@type\":\"SearchAction\",\"target\":{\"@type\":\"EntryPoint\",\"urlTemplate\":\"https:\/\/www.funktionsmodellbau.ch\/content\/?s={search_term_string}\"},\"query-input\":{\"@type\":\"PropertyValueSpecification\",\"valueRequired\":true,\"valueName\":\"search_term_string\"}}],\"inLanguage\":\"de\"}]}<\/script>\n<!-- \/ Yoast SEO plugin. -->","yoast_head_json":{"title":"Kontakt - funktionsmodellbau.ch","robots":{"index":"index","follow":"follow","max-snippet":"max-snippet:-1","max-image-preview":"max-image-preview:large","max-video-preview":"max-video-preview:-1"},"canonical":"https:\/\/www.funktionsmodellbau.ch\/content\/kontakt\/","og_locale":"de_DE","og_type":"article","og_title":"Kontakt - funktionsmodellbau.ch","og_description":"Allgemeine Fragen Falls Du mit mir Kontakt aufnehmen willst, bitte folgende Felder entsprechend ausf\u00fcllen. Bei Fragen \u00fcber Inhalte in ver\u00f6ffentlichten Artikeln, bin ich sehr dankbar, wenn Du die Kommentarfunktion, gleich Weiter lesen \u2192","og_url":"https:\/\/www.funktionsmodellbau.ch\/content\/kontakt\/","og_site_name":"funktionsmodellbau.ch","article_publisher":"https:\/\/www.facebook.com\/funktionsmodellbau\/","article_modified_time":"2016-09-05T12:18:44+00:00","twitter_card":"summary_large_image","twitter_site":"@funktionsmodell","twitter_misc":{"Gesch\u00e4tzte Lesezeit":"1\u00a0Minute"},"schema":{"@context":"https:\/\/schema.org","@graph":[{"@type":"WebPage","@id":"https:\/\/www.funktionsmodellbau.ch\/content\/kontakt\/","url":"https:\/\/www.funktionsmodellbau.ch\/content\/kontakt\/","name":"Kontakt - funktionsmodellbau.ch","isPartOf":{"@id":"https:\/\/www.funktionsmodellbau.ch\/content\/#website"},"datePublished":"2011-10-27T07:14:54+00:00","dateModified":"2016-09-05T12:18:44+00:00","breadcrumb":{"@id":"https:\/\/www.funktionsmodellbau.ch\/content\/kontakt\/#breadcrumb"},"inLanguage":"de","potentialAction":[{"@type":"ReadAction","target":["https:\/\/www.funktionsmodellbau.ch\/content\/kontakt\/"]}]},{"@type":"BreadcrumbList","@id":"https:\/\/www.funktionsmodellbau.ch\/content\/kontakt\/#breadcrumb","itemListElement":[{"@type":"ListItem","position":1,"name":"Startseite","item":"https:\/\/www.funktionsmodellbau.ch\/content\/"},{"@type":"ListItem","position":2,"name":"Kontakt"}]},{"@type":"WebSite","@id":"https:\/\/www.funktionsmodellbau.ch\/content\/#website","url":"https:\/\/www.funktionsmodellbau.ch\/content\/","name":"funktionsmodellbau.ch","description":"RC MODELLNUTZFAHRZEUGE | RC TRUCK-MODELLBAU | RC SCALE CARS | RC BOOTE","potentialAction":[{"@type":"SearchAction","target":{"@type":"EntryPoint","urlTemplate":"https:\/\/www.funktionsmodellbau.ch\/content\/?s={search_term_string}"},"query-input":{"@type":"PropertyValueSpecification","valueRequired":true,"valueName":"search_term_string"}}],"inLanguage":"de"}]}},"jetpack_sharing_enabled":true,"_links":{"self":[{"href":"https:\/\/www.funktionsmodellbau.ch\/content\/wp-json\/wp\/v2\/pages\/669"}],"collection":[{"href":"https:\/\/www.funktionsmodellbau.ch\/content\/wp-json\/wp\/v2\/pages"}],"about":[{"href":"https:\/\/www.funktionsmodellbau.ch\/content\/wp-json\/wp\/v2\/types\/page"}],"author":[{"embeddable":true,"href":"https:\/\/www.funktionsmodellbau.ch\/content\/wp-json\/wp\/v2\/users\/1"}],"replies":[{"embeddable":true,"href":"https:\/\/www.funktionsmodellbau.ch\/content\/wp-json\/wp\/v2\/comments?post=669"}],"version-history":[{"count":7,"href":"https:\/\/www.funktionsmodellbau.ch\/content\/wp-json\/wp\/v2\/pages\/669\/revisions"}],"predecessor-version":[{"id":7597,"href":"https:\/\/www.funktionsmodellbau.ch\/content\/wp-json\/wp\/v2\/pages\/669\/revisions\/7597"}],"wp:attachment":[{"href":"https:\/\/www.funktionsmodellbau.ch\/content\/wp-json\/wp\/v2\/media?parent=669"}],"curies":[{"name":"wp","href":"https:\/\/api.w.org\/{rel}","templated":true}]}}