{"id":153,"date":"2011-09-16T05:12:46","date_gmt":"2011-09-16T05:12:46","guid":{"rendered":"https:\/\/www.funktionsmodellbau.ch\/content\/?page_id=153"},"modified":"2018-05-31T14:00:56","modified_gmt":"2018-05-31T13:00:56","slug":"uber-uns","status":"publish","type":"page","link":"https:\/\/www.funktionsmodellbau.ch\/content\/uber-uns\/","title":{"rendered":"\u00dcber uns"},"content":{"rendered":"<h6><strong>funktionsmodellbau.ch:<br \/>\n<\/strong><\/h6>\n<p><a title=\"funktionsmodellbau.ch - Alles \u00fcber RC-Modellbau\" href=\"https:\/\/www.funktionsmodellbau.ch\">funktionsmodellbau.ch<\/a> ist ein privater Blog und berichtet rund um den RC-Modellbau. Besonders \u00fcber RC-Modell-Nutzfahrzeuge (RC Modelltucks, -Bagger, -Radlader und -Stapler) und dessen Zubeh\u00f6r. Mittlerweile nimmt die Landtechnik mit den RC-Traktoren und Landmaschinen auch seinen Platz ein.<br \/>\nNicht fehlen\u00a0d\u00fcrfen\u00a0auch alle anderen Sparten, wie die &#8222;normalen&#8220; RC-Cars, seien es Cralwer, Scaler oder Flachbanner.<\/p>\n<p>Gerne schreibe ich auch ausf\u00fchrliche Testberichte \u00fcber neue Produkte &#8211; je nachdem erstelle ich daf\u00fcr auch ein Video in Form von einem Review. Bei Interesse nehmen Sie bitte mit unterem Formular Kontakt mit mir auf.<\/p>\n<h6><strong>Werbung schalten:<\/strong><\/h6>\n<p>Sie m\u00f6chten auf <a title=\"funktionsmodellbau.ch - Alles \u00fcber RC-Modellbau\" href=\"https:\/\/www.funktionsmodellbau.ch\">funktionsmodellbau.ch<\/a>\u00a0Werbung schalten. Daf\u00fcr arbeite ich mit folgenden Partner zusammen:<\/p>\n<ul>\n<li><a title=\"blogads\" href=\"http:\/\/www.blogads.de\/advertiser\/webseite\/anzeigen\/673\" target=\"_blank\" rel=\"noopener\" class=\"broken_link\">blogads<\/a><\/li>\n<\/ul>\n<p>Selbstverst\u00e4ndlich kann auch direkt \u00fcber mich\u00a0Werbung geschaltet werden. Nehmen Sie daf\u00fcr bitte mit untenstehendem Formular Kontakt mit mir\u00a0auf.<\/p>\n<p><a href=\"http:\/\/www.seethestats.com\/site\/funktionsmodellbau.ch\" target=\"_blank\" rel=\"noopener\" class=\"broken_link\">Pageviews und Visits sind \u00f6ffentlich<\/a> und werden anhand von Google Analytics gemessen.<\/p>\n<h6><strong>Spenden:<\/strong><\/h6>\n<p>Das Betreiben eines solchen Blogs braucht neben Zeit auch Geld. Deshalb freue\u00a0ich\u00a0mich\u00a0auf einen kleinen Spende.<\/p>\n<p>[donateplus]<\/p>\n<p>An dieser Stelle herzlichen Dank, an alle die eine <em>Kleinigkeit<\/em> spenden!<\/p>\n<p>[donorwall]<\/p>\n<h6><strong>Kontakt:<br \/>\n<\/strong><\/h6>\n<p>Verantwortlich f\u00fcr Konzeption, Realisierung und Unterhalt dieses Blogs:<\/p>\n<p>funktionsmodellbau.ch<br \/>\nFabian H\u00fcsser<br \/>\nH\u00f6henweg 15<br \/>\nCH-8965 Berikon<\/p>\n<p><a href=\"https:\/\/www.funktionsmodellbau.ch\">funktionsmodellbau<\/a> ist auch auf <a title=\"Twitter\" href=\"https:\/\/twitter.com\/#!\/funktionsmodell\" target=\"_blank\" rel=\"noopener\">Twitter<\/a>, <a title=\"Facebook\" href=\"https:\/\/www.facebook.com\/funktionsmodellbau\" target=\"_blank\" rel=\"noopener\" class=\"broken_link\">Facebook<\/a>\u00a0und auf <a title=\"Google+\" href=\"https:\/\/plus.google.com\/102488588823608928609\/posts\" target=\"_blank\" rel=\"noopener\">Google+<\/a> zu lesen.<\/p>\n<h3><span style=\"color: #ff6600;\"><strong>Fragen<\/strong> \u00fcber vorgestellte Modelle, Produkte und anderes <strong>in Artikeln<\/strong>, bitte <strong>direkt in die entsprechende Artikel Kommentarfunktion schreiben<\/strong>.\u00a0<\/span><\/h3>\n<h3><\/h3>\n\n<div class=\"wpcf7 no-js\" id=\"wpcf7-f668-o1\" lang=\"\" dir=\"ltr\">\n<div class=\"screen-reader-response\"><p role=\"status\" aria-live=\"polite\" aria-atomic=\"true\"><\/p> <ul><\/ul><\/div>\n<form action=\"\/content\/wp-json\/wp\/v2\/pages\/153#wpcf7-f668-o1\" method=\"post\" class=\"wpcf7-form init\" aria-label=\"Kontaktformular\" enctype=\"multipart\/form-data\" novalidate=\"novalidate\" data-status=\"init\">\n<div style=\"display: none;\">\n<input type=\"hidden\" name=\"_wpcf7\" value=\"668\" \/>\n<input type=\"hidden\" name=\"_wpcf7_version\" value=\"5.9.8\" \/>\n<input type=\"hidden\" name=\"_wpcf7_locale\" value=\"\" \/>\n<input type=\"hidden\" name=\"_wpcf7_unit_tag\" value=\"wpcf7-f668-o1\" \/>\n<input type=\"hidden\" name=\"_wpcf7_container_post\" value=\"0\" \/>\n<input type=\"hidden\" name=\"_wpcf7_posted_data_hash\" value=\"\" \/>\n<input type=\"hidden\" name=\"_wpcf7_recaptcha_response\" value=\"\" \/>\n<\/div>\n<p>Dein Vor- und Nachname (Pflichtfeld)\n<\/p>\n<p><span class=\"wpcf7-form-control-wrap\" data-name=\"your-name\"><input size=\"40\" maxlength=\"400\" class=\"wpcf7-form-control wpcf7-text wpcf7-validates-as-required\" aria-required=\"true\" aria-invalid=\"false\" value=\"\" type=\"text\" name=\"your-name\" \/><\/span>\n<\/p>\n<p>Deine Email Adresse (Pflichtfeld)\n<\/p>\n<p><span class=\"wpcf7-form-control-wrap\" data-name=\"your-email\"><input size=\"40\" maxlength=\"400\" class=\"wpcf7-form-control wpcf7-email wpcf7-validates-as-required wpcf7-text wpcf7-validates-as-email\" aria-required=\"true\" aria-invalid=\"false\" value=\"\" type=\"email\" name=\"your-email\" \/><\/span>\n<\/p>\n<p>Betreff (Pflichtfeld)\n<\/p>\n<p><span class=\"wpcf7-form-control-wrap\" data-name=\"your-subject\"><input size=\"40\" maxlength=\"400\" class=\"wpcf7-form-control wpcf7-text wpcf7-validates-as-required\" aria-required=\"true\" aria-invalid=\"false\" value=\"\" type=\"text\" name=\"your-subject\" \/><\/span>\n<\/p>\n<p>Deine Nachricht (Pflichtfeld)\n<\/p>\n<p><span class=\"wpcf7-form-control-wrap\" data-name=\"your-message\"><textarea cols=\"40\" rows=\"10\" maxlength=\"2000\" class=\"wpcf7-form-control wpcf7-textarea wpcf7-validates-as-required\" aria-required=\"true\" aria-invalid=\"false\" name=\"your-message\"><\/textarea><\/span>\n<\/p>\n<p>Dein Anhang<\/><br \/>\n<span class=\"wpcf7-form-control-wrap\" data-name=\"file-360\"><input size=\"40\" class=\"wpcf7-form-control wpcf7-file\" accept=\".pdf,.txt,.zip,.jpg,.png,.gif,.mov,.avi,.arc\" aria-invalid=\"false\" type=\"file\" name=\"file-360\" \/><\/span>\n<\/p>\n\n<p><input class=\"wpcf7-form-control wpcf7-submit has-spinner\" type=\"submit\" value=\"Senden\" \/>\n<\/p><p style=\"display: none !important;\" class=\"akismet-fields-container\" data-prefix=\"_wpcf7_ak_\"><label>&#916;<textarea name=\"_wpcf7_ak_hp_textarea\" cols=\"45\" rows=\"8\" maxlength=\"100\"><\/textarea><\/label><input type=\"hidden\" id=\"ak_js_1\" name=\"_wpcf7_ak_js\" value=\"161\"\/><script>document.getElementById( \"ak_js_1\" ).setAttribute( \"value\", ( new Date() ).getTime() );<\/script><\/p><div class=\"wpcf7-response-output\" aria-hidden=\"true\"><\/div>\n<\/form>\n<\/div>\n\n<p>&nbsp;<\/p>\n<p>&nbsp;<\/p>\n","protected":false},"excerpt":{"rendered":"<p>funktionsmodellbau.ch: funktionsmodellbau.ch ist ein privater Blog und berichtet rund um den RC-Modellbau. Besonders \u00fcber RC-Modell-Nutzfahrzeuge (RC Modelltucks, -Bagger, -Radlader und -Stapler) und dessen Zubeh\u00f6r. Mittlerweile nimmt die Landtechnik mit den <a class=\"more-link\" href=\"https:\/\/www.funktionsmodellbau.ch\/content\/uber-uns\/\">Weiter lesen \u2192<\/a><\/p>\n","protected":false},"author":1,"featured_media":0,"parent":0,"menu_order":0,"comment_status":"open","ping_status":"open","template":"","meta":{"jetpack_post_was_ever_published":false,"footnotes":""},"yoast_head":"<!-- This site is optimized with the Yoast SEO plugin v24.5 - https:\/\/yoast.com\/wordpress\/plugins\/seo\/ -->\n<title>\u00dcber uns - funktionsmodellbau.ch<\/title>\n<meta name=\"description\" content=\"\u00dcber uns: funktionsmodellbau.ch ist ein privater Blog und berichtet \u00fcber alles m\u00f6gliche aus dem RC-Funktionsmodellbau. Basierend auf pers\u00f6nliche Erfahrungen\" \/>\n<meta name=\"robots\" content=\"index, follow, max-snippet:-1, max-image-preview:large, max-video-preview:-1\" \/>\n<link rel=\"canonical\" href=\"https:\/\/www.funktionsmodellbau.ch\/content\/uber-uns\/\" \/>\n<meta property=\"og:locale\" content=\"de_DE\" \/>\n<meta property=\"og:type\" content=\"article\" \/>\n<meta property=\"og:title\" content=\"\u00dcber uns - funktionsmodellbau.ch\" \/>\n<meta property=\"og:description\" content=\"\u00dcber uns: funktionsmodellbau.ch ist ein privater Blog und berichtet \u00fcber alles m\u00f6gliche aus dem RC-Funktionsmodellbau. Basierend auf pers\u00f6nliche Erfahrungen\" \/>\n<meta property=\"og:url\" content=\"https:\/\/www.funktionsmodellbau.ch\/content\/uber-uns\/\" \/>\n<meta property=\"og:site_name\" content=\"funktionsmodellbau.ch\" \/>\n<meta property=\"article:publisher\" content=\"https:\/\/www.facebook.com\/funktionsmodellbau\/\" \/>\n<meta property=\"article:modified_time\" content=\"2018-05-31T13:00:56+00:00\" \/>\n<meta name=\"twitter:card\" content=\"summary_large_image\" \/>\n<meta name=\"twitter:site\" content=\"@funktionsmodell\" \/>\n<meta name=\"twitter:label1\" content=\"Gesch\u00e4tzte Lesezeit\" \/>\n\t<meta name=\"twitter:data1\" content=\"1\u00a0Minute\" \/>\n<script type=\"application\/ld+json\" class=\"yoast-schema-graph\">{\"@context\":\"https:\/\/schema.org\",\"@graph\":[{\"@type\":\"WebPage\",\"@id\":\"https:\/\/www.funktionsmodellbau.ch\/content\/uber-uns\/\",\"url\":\"https:\/\/www.funktionsmodellbau.ch\/content\/uber-uns\/\",\"name\":\"\u00dcber uns - funktionsmodellbau.ch\",\"isPartOf\":{\"@id\":\"https:\/\/www.funktionsmodellbau.ch\/content\/#website\"},\"datePublished\":\"2011-09-16T05:12:46+00:00\",\"dateModified\":\"2018-05-31T13:00:56+00:00\",\"description\":\"\u00dcber uns: funktionsmodellbau.ch ist ein privater Blog und berichtet \u00fcber alles m\u00f6gliche aus dem RC-Funktionsmodellbau. Basierend auf pers\u00f6nliche Erfahrungen\",\"breadcrumb\":{\"@id\":\"https:\/\/www.funktionsmodellbau.ch\/content\/uber-uns\/#breadcrumb\"},\"inLanguage\":\"de\",\"potentialAction\":[{\"@type\":\"ReadAction\",\"target\":[\"https:\/\/www.funktionsmodellbau.ch\/content\/uber-uns\/\"]}]},{\"@type\":\"BreadcrumbList\",\"@id\":\"https:\/\/www.funktionsmodellbau.ch\/content\/uber-uns\/#breadcrumb\",\"itemListElement\":[{\"@type\":\"ListItem\",\"position\":1,\"name\":\"Startseite\",\"item\":\"https:\/\/www.funktionsmodellbau.ch\/content\/\"},{\"@type\":\"ListItem\",\"position\":2,\"name\":\"\u00dcber uns\"}]},{\"@type\":\"WebSite\",\"@id\":\"https:\/\/www.funktionsmodellbau.ch\/content\/#website\",\"url\":\"https:\/\/www.funktionsmodellbau.ch\/content\/\",\"name\":\"funktionsmodellbau.ch\",\"description\":\"RC MODELLNUTZFAHRZEUGE | RC TRUCK-MODELLBAU | RC SCALE CARS | RC BOOTE\",\"potentialAction\":[{\"@type\":\"SearchAction\",\"target\":{\"@type\":\"EntryPoint\",\"urlTemplate\":\"https:\/\/www.funktionsmodellbau.ch\/content\/?s={search_term_string}\"},\"query-input\":{\"@type\":\"PropertyValueSpecification\",\"valueRequired\":true,\"valueName\":\"search_term_string\"}}],\"inLanguage\":\"de\"}]}<\/script>\n<!-- \/ Yoast SEO plugin. -->","yoast_head_json":{"title":"\u00dcber uns - funktionsmodellbau.ch","description":"\u00dcber uns: funktionsmodellbau.ch ist ein privater Blog und berichtet \u00fcber alles m\u00f6gliche aus dem RC-Funktionsmodellbau. Basierend auf pers\u00f6nliche Erfahrungen","robots":{"index":"index","follow":"follow","max-snippet":"max-snippet:-1","max-image-preview":"max-image-preview:large","max-video-preview":"max-video-preview:-1"},"canonical":"https:\/\/www.funktionsmodellbau.ch\/content\/uber-uns\/","og_locale":"de_DE","og_type":"article","og_title":"\u00dcber uns - funktionsmodellbau.ch","og_description":"\u00dcber uns: funktionsmodellbau.ch ist ein privater Blog und berichtet \u00fcber alles m\u00f6gliche aus dem RC-Funktionsmodellbau. Basierend auf pers\u00f6nliche Erfahrungen","og_url":"https:\/\/www.funktionsmodellbau.ch\/content\/uber-uns\/","og_site_name":"funktionsmodellbau.ch","article_publisher":"https:\/\/www.facebook.com\/funktionsmodellbau\/","article_modified_time":"2018-05-31T13:00:56+00:00","twitter_card":"summary_large_image","twitter_site":"@funktionsmodell","twitter_misc":{"Gesch\u00e4tzte Lesezeit":"1\u00a0Minute"},"schema":{"@context":"https:\/\/schema.org","@graph":[{"@type":"WebPage","@id":"https:\/\/www.funktionsmodellbau.ch\/content\/uber-uns\/","url":"https:\/\/www.funktionsmodellbau.ch\/content\/uber-uns\/","name":"\u00dcber uns - funktionsmodellbau.ch","isPartOf":{"@id":"https:\/\/www.funktionsmodellbau.ch\/content\/#website"},"datePublished":"2011-09-16T05:12:46+00:00","dateModified":"2018-05-31T13:00:56+00:00","description":"\u00dcber uns: funktionsmodellbau.ch ist ein privater Blog und berichtet \u00fcber alles m\u00f6gliche aus dem RC-Funktionsmodellbau. Basierend auf pers\u00f6nliche Erfahrungen","breadcrumb":{"@id":"https:\/\/www.funktionsmodellbau.ch\/content\/uber-uns\/#breadcrumb"},"inLanguage":"de","potentialAction":[{"@type":"ReadAction","target":["https:\/\/www.funktionsmodellbau.ch\/content\/uber-uns\/"]}]},{"@type":"BreadcrumbList","@id":"https:\/\/www.funktionsmodellbau.ch\/content\/uber-uns\/#breadcrumb","itemListElement":[{"@type":"ListItem","position":1,"name":"Startseite","item":"https:\/\/www.funktionsmodellbau.ch\/content\/"},{"@type":"ListItem","position":2,"name":"\u00dcber uns"}]},{"@type":"WebSite","@id":"https:\/\/www.funktionsmodellbau.ch\/content\/#website","url":"https:\/\/www.funktionsmodellbau.ch\/content\/","name":"funktionsmodellbau.ch","description":"RC MODELLNUTZFAHRZEUGE | RC TRUCK-MODELLBAU | RC SCALE CARS | RC BOOTE","potentialAction":[{"@type":"SearchAction","target":{"@type":"EntryPoint","urlTemplate":"https:\/\/www.funktionsmodellbau.ch\/content\/?s={search_term_string}"},"query-input":{"@type":"PropertyValueSpecification","valueRequired":true,"valueName":"search_term_string"}}],"inLanguage":"de"}]}},"jetpack_sharing_enabled":true,"_links":{"self":[{"href":"https:\/\/www.funktionsmodellbau.ch\/content\/wp-json\/wp\/v2\/pages\/153"}],"collection":[{"href":"https:\/\/www.funktionsmodellbau.ch\/content\/wp-json\/wp\/v2\/pages"}],"about":[{"href":"https:\/\/www.funktionsmodellbau.ch\/content\/wp-json\/wp\/v2\/types\/page"}],"author":[{"embeddable":true,"href":"https:\/\/www.funktionsmodellbau.ch\/content\/wp-json\/wp\/v2\/users\/1"}],"replies":[{"embeddable":true,"href":"https:\/\/www.funktionsmodellbau.ch\/content\/wp-json\/wp\/v2\/comments?post=153"}],"version-history":[{"count":16,"href":"https:\/\/www.funktionsmodellbau.ch\/content\/wp-json\/wp\/v2\/pages\/153\/revisions"}],"predecessor-version":[{"id":8920,"href":"https:\/\/www.funktionsmodellbau.ch\/content\/wp-json\/wp\/v2\/pages\/153\/revisions\/8920"}],"wp:attachment":[{"href":"https:\/\/www.funktionsmodellbau.ch\/content\/wp-json\/wp\/v2\/media?parent=153"}],"curies":[{"name":"wp","href":"https:\/\/api.w.org\/{rel}","templated":true}]}}